{"id":93,"date":"2018-03-29T15:03:51","date_gmt":"2018-03-29T13:03:51","guid":{"rendered":"http:\/\/lookfromsky.fr\/?page_id=93"},"modified":"2021-03-13T07:54:51","modified_gmt":"2021-03-13T06:54:51","slug":"accueil","status":"publish","type":"page","link":"https:\/\/lookfromsky.fr\/","title":{"rendered":"ACCUEIL"},"content":{"rendered":"<h1 style=\"text-align: center;\"><strong>&nbsp;L<\/strong>ook From Sky<\/h1>\n<h4 style=\"text-align: center;\"><em>\u00ab&nbsp;le drone \u00e0 votre service&nbsp;\u00bb<\/em><\/h4>\n<h2 style=\"text-align: center;\"><img loading=\"lazy\" decoding=\"async\" class=\"size-thumbnail wp-image-121 aligncenter\" src=\"http:\/\/lookfromsky.fr\/wp-content\/uploads\/2018\/03\/Look-from-sky-LFS-logo-by-GraphiNK-150x150.png\" alt=\"\" width=\"150\" height=\"150\" srcset=\"https:\/\/lookfromsky.fr\/wp-content\/uploads\/2018\/03\/Look-from-sky-LFS-logo-by-GraphiNK-150x150.png 150w, https:\/\/lookfromsky.fr\/wp-content\/uploads\/2018\/03\/Look-from-sky-LFS-logo-by-GraphiNK-300x300.png 300w, https:\/\/lookfromsky.fr\/wp-content\/uploads\/2018\/03\/Look-from-sky-LFS-logo-by-GraphiNK-768x768.png 768w, https:\/\/lookfromsky.fr\/wp-content\/uploads\/2018\/03\/Look-from-sky-LFS-logo-by-GraphiNK-1024x1024.png 1024w\" sizes=\"(max-width: 150px) 100vw, 150px\" \/><\/h2>\n<h3 style=\"text-align: center;\"><em>Principalement utilis\u00e9 par les militaires il y a quelques ann\u00e9es, le drone est d\u00e9sormais utilis\u00e9 par les professionnels de la construction, du secourisme, de la photographie ou encore du cin\u00e9ma.&nbsp;<\/em><\/h3>\n<h3 style=\"text-align: center;\"><em>De nombreuses sollicitations&nbsp; sont aujourd&rsquo;hui demand\u00e9es par le particulier, l&rsquo;entreprise, le sport&nbsp;<br>ou encore les associations afin de r\u00e9aliser tous types de prises&nbsp; photos ou vid\u00e9os a\u00e9riennes.<\/em><\/h3>\n<h3 style=\"text-align: center;\"><em>Le drone est un outil particuli\u00e8rement appr\u00e9ci\u00e9 pour r\u00e9aliser des prises de <br>vues originales, peu courantes et surtout d&rsquo;excellentes qualit\u00e9 !<\/em><\/h3>\n<p><\/p>\n<h4 style=\"text-align: center;\">&nbsp;<\/h4>\n<h4><strong>&nbsp; &nbsp; &nbsp; &nbsp; &nbsp;PRISE DE VUES&nbsp;A\u00c9RIENNES&nbsp; &nbsp; &nbsp; &nbsp; &nbsp; &nbsp; &nbsp; &nbsp; &nbsp; &nbsp; &nbsp; &nbsp; &nbsp; &nbsp; &nbsp; &nbsp; &nbsp;CARTOGRAPHIE&nbsp; &nbsp; &nbsp; &nbsp; &nbsp; &nbsp; &nbsp; &nbsp; &nbsp; &nbsp; &nbsp; &nbsp;<\/strong><strong>VALORISATION DES&nbsp; REGIONS<br><\/strong><\/h4>\n<h4>&nbsp; &nbsp; &nbsp; &nbsp; &nbsp; &nbsp;(Photo \/ Vid\u00e9o \/ Montage)&nbsp; &nbsp; &nbsp; &nbsp; &nbsp; &nbsp; &nbsp; &nbsp; &nbsp; &nbsp; &nbsp; &nbsp; &nbsp; &nbsp; &nbsp; &nbsp; &nbsp; &nbsp; &nbsp; &nbsp; &nbsp; (Immobilier \/ Cadastre )&nbsp; &nbsp; &nbsp; &nbsp; &nbsp; &nbsp; &nbsp; &nbsp; &nbsp; &nbsp; &nbsp; &nbsp; &nbsp;(Documentaires \/Reportages)<\/h4>\n<h4>&nbsp;<\/h4>\n<h4><strong>&nbsp; &nbsp; &nbsp; &nbsp; EVENEMENTS SPORTIFS&nbsp; &nbsp; &nbsp; &nbsp; &nbsp; &nbsp; &nbsp; &nbsp; &nbsp; &nbsp; &nbsp; &nbsp; &nbsp; &nbsp; &nbsp; &nbsp; &nbsp; &nbsp; &nbsp; &nbsp;&nbsp;<\/strong><strong>MANIFESTATIONS&nbsp; &nbsp; &nbsp; &nbsp; &nbsp; &nbsp; &nbsp; &nbsp; &nbsp; &nbsp; &nbsp; &nbsp; &nbsp; &nbsp; &nbsp;<\/strong><strong>COMMUNICATIONS&nbsp; &nbsp; &nbsp; &nbsp; &nbsp; &nbsp; &nbsp; &nbsp; &nbsp; &nbsp; &nbsp; &nbsp; &nbsp; &nbsp; &nbsp; &nbsp; &nbsp;<\/strong>(Moto\/Voitures\/Courses \u00e0 pied)&nbsp; &nbsp; &nbsp; &nbsp; &nbsp; &nbsp; &nbsp; &nbsp; &nbsp; &nbsp; &nbsp; &nbsp; &nbsp; &nbsp; &nbsp; &nbsp; &nbsp;(Concerts\/Mariages\/Exposition)&nbsp; &nbsp; &nbsp; &nbsp; &nbsp; &nbsp; &nbsp; &nbsp; &nbsp; &nbsp; (Marketing \/ Promotion)<\/h4>\n<p><\/p>\n\n\n<h3 class=\"has-text-align-center wp-block-heading\"><em>LFS se tient \u00e0 votre disposition pour vous proposer une prestation adapt\u00e9e \u00e0 votre demande<\/em><br><em>avec des professionnels du vol agr\u00e9e par la DGAC<br>(Direction G\u00e9n\u00e9rale de l&rsquo;Aviation Civile).<\/em><\/h3>\n\n\n\n<figure class=\"wp-block-image size-large\"><img loading=\"lazy\" decoding=\"async\" width=\"1024\" height=\"184\" src=\"http:\/\/lookfromsky.fr\/wp-content\/uploads\/2021\/03\/Panneau-1024x184.png\" alt=\"\" class=\"wp-image-1045\" srcset=\"https:\/\/lookfromsky.fr\/wp-content\/uploads\/2021\/03\/Panneau-1024x184.png 1024w, https:\/\/lookfromsky.fr\/wp-content\/uploads\/2021\/03\/Panneau-300x54.png 300w, https:\/\/lookfromsky.fr\/wp-content\/uploads\/2021\/03\/Panneau-768x138.png 768w, https:\/\/lookfromsky.fr\/wp-content\/uploads\/2021\/03\/Panneau-370x66.png 370w, https:\/\/lookfromsky.fr\/wp-content\/uploads\/2021\/03\/Panneau-1040x186.png 1040w, https:\/\/lookfromsky.fr\/wp-content\/uploads\/2021\/03\/Panneau.png 1450w\" sizes=\"(max-width: 1024px) 100vw, 1024px\" \/><\/figure>\n\n\n\n<p><\/p>\n\n\n\n<h3 class=\"has-text-align-center wp-block-heading\"><em>Cordialement.<\/em><\/h3>\n\n\n\n<div class=\"wp-block-image\"><figure class=\"aligncenter size-large\"><img loading=\"lazy\" decoding=\"async\" width=\"320\" height=\"229\" src=\"http:\/\/lookfromsky.fr\/wp-content\/uploads\/2021\/02\/drone_PNG97.png\" alt=\"\" class=\"wp-image-968\" srcset=\"https:\/\/lookfromsky.fr\/wp-content\/uploads\/2021\/02\/drone_PNG97.png 320w, https:\/\/lookfromsky.fr\/wp-content\/uploads\/2021\/02\/drone_PNG97-300x215.png 300w\" sizes=\"(max-width: 320px) 100vw, 320px\" \/><\/figure><\/div>\n\n\n\n<h3 class=\"has-text-align-center wp-block-heading\"><em>L&rsquo;\u00e9quipe LFS<\/em><\/h3>\n\n\n\n<p><\/p>\n","protected":false},"excerpt":{"rendered":"<p>&nbsp;Look From Sky \u00ab&nbsp;le drone \u00e0 votre service&nbsp;\u00bb Principalement utilis\u00e9 par les militaires il y a quelques ann\u00e9es, le drone est d\u00e9sormais utilis\u00e9 par les professionnels de la construction, du secourisme, de la photographie ou[&#8230;]<\/p>\n","protected":false},"author":1,"featured_media":0,"parent":0,"menu_order":0,"comment_status":"closed","ping_status":"closed","template":"","meta":{"footnotes":""},"_links":{"self":[{"href":"https:\/\/lookfromsky.fr\/index.php\/wp-json\/wp\/v2\/pages\/93"}],"collection":[{"href":"https:\/\/lookfromsky.fr\/index.php\/wp-json\/wp\/v2\/pages"}],"about":[{"href":"https:\/\/lookfromsky.fr\/index.php\/wp-json\/wp\/v2\/types\/page"}],"author":[{"embeddable":true,"href":"https:\/\/lookfromsky.fr\/index.php\/wp-json\/wp\/v2\/users\/1"}],"replies":[{"embeddable":true,"href":"https:\/\/lookfromsky.fr\/index.php\/wp-json\/wp\/v2\/comments?post=93"}],"version-history":[{"count":145,"href":"https:\/\/lookfromsky.fr\/index.php\/wp-json\/wp\/v2\/pages\/93\/revisions"}],"predecessor-version":[{"id":1073,"href":"https:\/\/lookfromsky.fr\/index.php\/wp-json\/wp\/v2\/pages\/93\/revisions\/1073"}],"wp:attachment":[{"href":"https:\/\/lookfromsky.fr\/index.php\/wp-json\/wp\/v2\/media?parent=93"}],"curies":[{"name":"wp","href":"https:\/\/api.w.org\/{rel}","templated":true}]}}