{"id":359,"date":"2018-08-03T09:26:32","date_gmt":"2018-08-03T07:26:32","guid":{"rendered":"http:\/\/lookfromsky.fr\/?page_id=359"},"modified":"2018-08-03T09:26:32","modified_gmt":"2018-08-03T07:26:32","slug":"commemoration-dediee-au-soldat-stephan-w-jaworski","status":"publish","type":"page","link":"https:\/\/lookfromsky.fr\/index.php\/commemoration-dediee-au-soldat-stephan-w-jaworski\/","title":{"rendered":"Comm\u00e9moration d\u00e9di\u00e9e au soldat Stephan W. JAWORSKI"},"content":{"rendered":"<p><iframe loading=\"lazy\" width=\"1040\" height=\"585\" src=\"https:\/\/www.youtube.com\/embed\/6CdxqQzLUlY?feature=oembed\" frameborder=\"0\" allow=\"autoplay; encrypted-media\" allowfullscreen><\/iframe><\/p>\n","protected":false},"excerpt":{"rendered":"","protected":false},"author":1,"featured_media":0,"parent":0,"menu_order":0,"comment_status":"closed","ping_status":"closed","template":"","meta":{"footnotes":""},"_links":{"self":[{"href":"https:\/\/lookfromsky.fr\/index.php\/wp-json\/wp\/v2\/pages\/359"}],"collection":[{"href":"https:\/\/lookfromsky.fr\/index.php\/wp-json\/wp\/v2\/pages"}],"about":[{"href":"https:\/\/lookfromsky.fr\/index.php\/wp-json\/wp\/v2\/types\/page"}],"author":[{"embeddable":true,"href":"https:\/\/lookfromsky.fr\/index.php\/wp-json\/wp\/v2\/users\/1"}],"replies":[{"embeddable":true,"href":"https:\/\/lookfromsky.fr\/index.php\/wp-json\/wp\/v2\/comments?post=359"}],"version-history":[{"count":1,"href":"https:\/\/lookfromsky.fr\/index.php\/wp-json\/wp\/v2\/pages\/359\/revisions"}],"predecessor-version":[{"id":362,"href":"https:\/\/lookfromsky.fr\/index.php\/wp-json\/wp\/v2\/pages\/359\/revisions\/362"}],"wp:attachment":[{"href":"https:\/\/lookfromsky.fr\/index.php\/wp-json\/wp\/v2\/media?parent=359"}],"curies":[{"name":"wp","href":"https:\/\/api.w.org\/{rel}","templated":true}]}}