{"id":107,"date":"2018-03-29T15:19:02","date_gmt":"2018-03-29T13:19:02","guid":{"rendered":"http:\/\/lookfromsky.fr\/?page_id=107"},"modified":"2021-08-12T21:03:08","modified_gmt":"2021-08-12T19:03:08","slug":"presentation-2","status":"publish","type":"page","link":"https:\/\/lookfromsky.fr\/index.php\/presentation-2\/","title":{"rendered":"PRESENTATION"},"content":{"rendered":"<h1 style=\"text-align: center;\"><strong>\u00a0L<\/strong>ook From Sky<\/h1>\n<h4 style=\"text-align: center;\"><em>\u00ab\u00a0le drone \u00e0 votre service\u00a0\u00bb<\/em><\/h4>\n<p><img loading=\"lazy\" decoding=\"async\" class=\"alignnone size-thumbnail wp-image-121 aligncenter\" src=\"http:\/\/lookfromsky.fr\/wp-content\/uploads\/2018\/03\/Look-from-sky-LFS-logo-by-GraphiNK-150x150.png\" alt=\"\" width=\"150\" height=\"150\" srcset=\"https:\/\/lookfromsky.fr\/wp-content\/uploads\/2018\/03\/Look-from-sky-LFS-logo-by-GraphiNK-150x150.png 150w, https:\/\/lookfromsky.fr\/wp-content\/uploads\/2018\/03\/Look-from-sky-LFS-logo-by-GraphiNK-300x300.png 300w, https:\/\/lookfromsky.fr\/wp-content\/uploads\/2018\/03\/Look-from-sky-LFS-logo-by-GraphiNK-768x768.png 768w, https:\/\/lookfromsky.fr\/wp-content\/uploads\/2018\/03\/Look-from-sky-LFS-logo-by-GraphiNK-1024x1024.png 1024w\" sizes=\"(max-width: 150px) 100vw, 150px\" \/><\/p>\n<h3 style=\"text-align: center;\"><em>Cr\u00e9\u00e9e en 2018, la soci\u00e9t\u00e9 LFS est une toute jeune entreprise bas\u00e9e \u00e0 Andernos-Les-Bains (33) avec pour vocation, un domaine d&rsquo;activit\u00e9s ax\u00e9 sur la prise de photos et vid\u00e9os a\u00e9rienne par drone. Le champ d&rsquo;intervention est extr\u00eamement large et LFS peux intervenir dans\u00a0 toute la France\u00a0 lors de demandes de manifestations sportives, \u00e9v\u00e9nements culturels et artistiques, vues immobili\u00e8res, travaux publics, cartographie, communication et mark\u00e9ting ou encore la valorisation de r\u00e9gions touristiques,<br \/><\/em><em>par le biais de clips personnalis\u00e9s.<\/em><\/h3>\n<h3 style=\"text-align: center;\"><em>L&rsquo;LFS propose \u00e9galement ses comp\u00e9tences aux particuliers pour toutes demandes priv\u00e9es comme les prises de vues a\u00e9riennes lors de mariages, c\u00e9r\u00e9monies diverses, f\u00eates familiales, v\u00e9rification de toiture, biens immobiliers et toutes demandes qui feront l&rsquo;objet d&rsquo;une \u00e9tude avant proposition.<\/em><\/h3>\n<p><img loading=\"lazy\" decoding=\"async\" class=\"alignnone wp-image-998 size-full\" src=\"http:\/\/lookfromsky.fr\/wp-content\/uploads\/2021\/02\/Drone-V2-1.jpg\" alt=\"\" width=\"1000\" height=\"522\" srcset=\"https:\/\/lookfromsky.fr\/wp-content\/uploads\/2021\/02\/Drone-V2-1.jpg 1000w, https:\/\/lookfromsky.fr\/wp-content\/uploads\/2021\/02\/Drone-V2-1-300x157.jpg 300w, https:\/\/lookfromsky.fr\/wp-content\/uploads\/2021\/02\/Drone-V2-1-768x401.jpg 768w, https:\/\/lookfromsky.fr\/wp-content\/uploads\/2021\/02\/Drone-V2-1-370x193.jpg 370w\" sizes=\"(max-width: 1000px) 100vw, 1000px\" \/><\/p>\n<h3 style=\"text-align: center;\"><em>Les prises de vues sont r\u00e9alis\u00e9es par un <a href=\"http:\/\/lookfromsky.fr\/index.php\/2021\/02\/25\/est-republicain\/\">pilote de drone professionnel<\/a>, agr\u00e9\u00e9 par la DGAC (Direction G\u00e9n\u00e9rale de l&rsquo;Aviation Civile) et relevant du r\u00e9gime de la chambre des M\u00e9tiers et de l&rsquo;Artisanat, soci\u00e9t\u00e9 de productions <\/em><em>de films institutionnels et publicitaires.\u00a0<\/em><\/h3>\n<p>\u00a0<\/p>\n<h3 style=\"text-align: center;\"><em>Le vol de drone \u00e9tant extr\u00eamement r\u00e9glement\u00e9 en France et \u00e0 l&rsquo;\u00e9tranger, LFS s&rsquo;engage \u00e0 v\u00e9rifier toutes les faisabilit\u00e9s de la demande pour optimiser\u00a0 le bon d\u00e9roulement de la mission tout en respectant les r\u00e8gles de s\u00e9curit\u00e9 li\u00e9es au vol. Le pilote est obligatoirement assur\u00e9 aupr\u00e8s d&rsquo;une assurance sp\u00e9cialis\u00e9e.<\/em><\/h3>\n<p>\u00a0<\/p>\n<h3 style=\"text-align: center;\"><em>Chaque plan de vol\u00a0 est pr\u00e9sent\u00e9 et d\u00e9clar\u00e9 obligatoirement\u00a0 aux services comp\u00e9tents de la Pr\u00e9fecture de r\u00e9gion, qui, apr\u00e8s \u00e9tude du dossier , autorisera la mission souhait\u00e9e.<\/em><\/h3>\n<h3 style=\"text-align: center;\"><em> Dans certains cas, les services de la Pr\u00e9fecture sont en droit de demander des \u00e9l\u00e9ments compl\u00e9mentaires afin de s&rsquo;assurer que la mission soit\u00a0 en phase avec les <a href=\"http:\/\/lookfromsky.fr\/index.php\/2021\/03\/19\/les-differents-scenarios-autorises\/\">lois en vigueur<\/a>.<\/em><\/h3>\n<p>\u00a0<\/p>\n<p style=\"text-align: center;\">\u00a0<\/p>\n<h3 style=\"text-align: center;\"><em>Cordialement.<\/em><\/h3>\n<h3 style=\"text-align: center;\"><em>L&rsquo;\u00e9quipe LFS<br \/><\/em><\/h3>\n<p>\u00a0<\/p>\n<p><img loading=\"lazy\" decoding=\"async\" class=\"wp-image-323 size-thumbnail alignleft\" src=\"http:\/\/lookfromsky.fr\/wp-content\/uploads\/2018\/03\/cropped-Look-from-sky-LFS-logo-by-GraphiNK-1-150x150.png\" alt=\"\" width=\"150\" height=\"150\" srcset=\"https:\/\/lookfromsky.fr\/wp-content\/uploads\/2018\/03\/cropped-Look-from-sky-LFS-logo-by-GraphiNK-1-150x150.png 150w, https:\/\/lookfromsky.fr\/wp-content\/uploads\/2018\/03\/cropped-Look-from-sky-LFS-logo-by-GraphiNK-1-300x300.png 300w, https:\/\/lookfromsky.fr\/wp-content\/uploads\/2018\/03\/cropped-Look-from-sky-LFS-logo-by-GraphiNK-1-370x370.png 370w, https:\/\/lookfromsky.fr\/wp-content\/uploads\/2018\/03\/cropped-Look-from-sky-LFS-logo-by-GraphiNK-1-270x270.png 270w, https:\/\/lookfromsky.fr\/wp-content\/uploads\/2018\/03\/cropped-Look-from-sky-LFS-logo-by-GraphiNK-1-192x192.png 192w, https:\/\/lookfromsky.fr\/wp-content\/uploads\/2018\/03\/cropped-Look-from-sky-LFS-logo-by-GraphiNK-1-180x180.png 180w, https:\/\/lookfromsky.fr\/wp-content\/uploads\/2018\/03\/cropped-Look-from-sky-LFS-logo-by-GraphiNK-1-32x32.png 32w, https:\/\/lookfromsky.fr\/wp-content\/uploads\/2018\/03\/cropped-Look-from-sky-LFS-logo-by-GraphiNK-1.png 512w\" sizes=\"(max-width: 150px) 100vw, 150px\" \/><\/p>\n<p><img loading=\"lazy\" decoding=\"async\" class=\"wp-image-943 alignleft\" src=\"http:\/\/lookfromsky.fr\/wp-content\/uploads\/2021\/02\/Logo-A-Com-Architectes.jpg\" alt=\"\" width=\"245\" height=\"58\" \/><img loading=\"lazy\" decoding=\"async\" class=\"size-full wp-image-952 alignleft\" src=\"http:\/\/lookfromsky.fr\/wp-content\/uploads\/2021\/02\/Noveant-sur-Moselle.jpg\" alt=\"\" width=\"237\" height=\"102\" \/><img loading=\"lazy\" decoding=\"async\" class=\"wp-image-944 alignleft\" src=\"http:\/\/lookfromsky.fr\/wp-content\/uploads\/2021\/02\/Logo-A4-vector-Fondation-St-Charles-3-1024x1024.jpg\" alt=\"\" width=\"114\" height=\"114\" srcset=\"https:\/\/lookfromsky.fr\/wp-content\/uploads\/2021\/02\/Logo-A4-vector-Fondation-St-Charles-3-1024x1024.jpg 1024w, https:\/\/lookfromsky.fr\/wp-content\/uploads\/2021\/02\/Logo-A4-vector-Fondation-St-Charles-3-300x300.jpg 300w, https:\/\/lookfromsky.fr\/wp-content\/uploads\/2021\/02\/Logo-A4-vector-Fondation-St-Charles-3-150x150.jpg 150w, https:\/\/lookfromsky.fr\/wp-content\/uploads\/2021\/02\/Logo-A4-vector-Fondation-St-Charles-3-768x768.jpg 768w, https:\/\/lookfromsky.fr\/wp-content\/uploads\/2021\/02\/Logo-A4-vector-Fondation-St-Charles-3-1536x1536.jpg 1536w, https:\/\/lookfromsky.fr\/wp-content\/uploads\/2021\/02\/Logo-A4-vector-Fondation-St-Charles-3-2048x2048.jpg 2048w, https:\/\/lookfromsky.fr\/wp-content\/uploads\/2021\/02\/Logo-A4-vector-Fondation-St-Charles-3-370x370.jpg 370w, https:\/\/lookfromsky.fr\/wp-content\/uploads\/2021\/02\/Logo-A4-vector-Fondation-St-Charles-3-1040x1040.jpg 1040w\" sizes=\"(max-width: 114px) 100vw, 114px\" \/><\/p>\n\n\n<figure class=\"wp-block-image size-large is-resized\"><img loading=\"lazy\" decoding=\"async\" src=\"http:\/\/lookfromsky.fr\/wp-content\/uploads\/2021\/03\/Image-de-presentation-GRAPHi-NK-1024x1024.png\" alt=\"\" class=\"wp-image-1047\" width=\"145\" height=\"145\" srcset=\"https:\/\/lookfromsky.fr\/wp-content\/uploads\/2021\/03\/Image-de-presentation-GRAPHi-NK-1024x1024.png 1024w, https:\/\/lookfromsky.fr\/wp-content\/uploads\/2021\/03\/Image-de-presentation-GRAPHi-NK-300x300.png 300w, https:\/\/lookfromsky.fr\/wp-content\/uploads\/2021\/03\/Image-de-presentation-GRAPHi-NK-150x150.png 150w, https:\/\/lookfromsky.fr\/wp-content\/uploads\/2021\/03\/Image-de-presentation-GRAPHi-NK-768x768.png 768w, https:\/\/lookfromsky.fr\/wp-content\/uploads\/2021\/03\/Image-de-presentation-GRAPHi-NK-1536x1536.png 1536w, https:\/\/lookfromsky.fr\/wp-content\/uploads\/2021\/03\/Image-de-presentation-GRAPHi-NK-2048x2048.png 2048w, https:\/\/lookfromsky.fr\/wp-content\/uploads\/2021\/03\/Image-de-presentation-GRAPHi-NK-370x370.png 370w, https:\/\/lookfromsky.fr\/wp-content\/uploads\/2021\/03\/Image-de-presentation-GRAPHi-NK-1040x1040.png 1040w\" sizes=\"(max-width: 145px) 100vw, 145px\" \/><\/figure>\n","protected":false},"excerpt":{"rendered":"<p>\u00a0Look From Sky \u00ab\u00a0le drone \u00e0 votre service\u00a0\u00bb Cr\u00e9\u00e9e en 2018, la soci\u00e9t\u00e9 LFS est une toute jeune entreprise bas\u00e9e \u00e0 Andernos-Les-Bains (33) avec pour vocation, un domaine d&rsquo;activit\u00e9s ax\u00e9 sur la prise de photos[&#8230;]<\/p>\n","protected":false},"author":1,"featured_media":0,"parent":0,"menu_order":0,"comment_status":"closed","ping_status":"closed","template":"","meta":{"footnotes":""},"_links":{"self":[{"href":"https:\/\/lookfromsky.fr\/index.php\/wp-json\/wp\/v2\/pages\/107"}],"collection":[{"href":"https:\/\/lookfromsky.fr\/index.php\/wp-json\/wp\/v2\/pages"}],"about":[{"href":"https:\/\/lookfromsky.fr\/index.php\/wp-json\/wp\/v2\/types\/page"}],"author":[{"embeddable":true,"href":"https:\/\/lookfromsky.fr\/index.php\/wp-json\/wp\/v2\/users\/1"}],"replies":[{"embeddable":true,"href":"https:\/\/lookfromsky.fr\/index.php\/wp-json\/wp\/v2\/comments?post=107"}],"version-history":[{"count":63,"href":"https:\/\/lookfromsky.fr\/index.php\/wp-json\/wp\/v2\/pages\/107\/revisions"}],"predecessor-version":[{"id":1087,"href":"https:\/\/lookfromsky.fr\/index.php\/wp-json\/wp\/v2\/pages\/107\/revisions\/1087"}],"wp:attachment":[{"href":"https:\/\/lookfromsky.fr\/index.php\/wp-json\/wp\/v2\/media?parent=107"}],"curies":[{"name":"wp","href":"https:\/\/api.w.org\/{rel}","templated":true}]}}