{"id":105,"date":"2018-03-29T15:19:02","date_gmt":"2018-03-29T13:19:02","guid":{"rendered":"http:\/\/lookfromsky.fr\/?page_id=105"},"modified":"2021-02-03T11:38:16","modified_gmt":"2021-02-03T10:38:16","slug":"https-www-youtube-com-watchvjhrzd8zrk2wt4s","status":"publish","type":"page","link":"https:\/\/lookfromsky.fr\/index.php\/https-www-youtube-com-watchvjhrzd8zrk2wt4s\/","title":{"rendered":"VIDEO"},"content":{"rendered":"<h2 style=\"text-align: center;\">\u00a0Look From Sky<\/h2>\n<h4 style=\"text-align: center;\"><em>\u00ab\u00a0le drone \u00e0 votre service\u00a0\u00bb<\/em><\/h4>\n<p><iframe loading=\"lazy\" title=\"Pr\u00e9sentation Look From Sky 54129 MAGNIERES\" width=\"1040\" height=\"585\" src=\"https:\/\/www.youtube.com\/embed\/DFmr52nYj3Q?feature=oembed\" frameborder=\"0\" allow=\"accelerometer; autoplay; clipboard-write; encrypted-media; gyroscope; picture-in-picture\" allowfullscreen><\/iframe><\/p>\n<p style=\"text-align: center;\">Pr\u00e9sentation Look From Sky<\/p>\n<p style=\"text-align: center;\">*****<\/p>\n<hr \/>\n<p><iframe loading=\"lazy\" title=\"Documentaire r\u00e9alis\u00e9 pour la Fondation des Soeurs de Saint Charles \u00e0 Nancy (54000)\" width=\"1040\" height=\"585\" src=\"https:\/\/www.youtube.com\/embed\/qDaaM1p_YsU?start=279&#038;feature=oembed\" frameborder=\"0\" allow=\"accelerometer; autoplay; clipboard-write; encrypted-media; gyroscope; picture-in-picture\" allowfullscreen><\/iframe><\/p>\n<p style=\"text-align: center;\">Documentaire Fondation Saint Charles de Nancy<br \/>\n\u00ab\u00a0Prises de vues a\u00e9riennes r\u00e9alis\u00e9es avec le drone DJI Phantom 4 PRO\u00a0\u00bb<\/p>\n<p style=\"text-align: center;\">*****<\/p>\n<p style=\"text-align: center;\"><a href=\"http:\/\/lookfromsky.fr\/index.php\/commemoration-dediee-au-soldat-stephan-w-jaworski\/\"><img loading=\"lazy\" decoding=\"async\" class=\"alignnone wp-image-361 size-full\" src=\"http:\/\/lookfromsky.fr\/wp-content\/uploads\/2018\/08\/38405573_10215054650913004_2368333348851417088_n-1.jpg\" alt=\"\" width=\"960\" height=\"960\" srcset=\"https:\/\/lookfromsky.fr\/wp-content\/uploads\/2018\/08\/38405573_10215054650913004_2368333348851417088_n-1.jpg 960w, https:\/\/lookfromsky.fr\/wp-content\/uploads\/2018\/08\/38405573_10215054650913004_2368333348851417088_n-1-150x150.jpg 150w, https:\/\/lookfromsky.fr\/wp-content\/uploads\/2018\/08\/38405573_10215054650913004_2368333348851417088_n-1-300x300.jpg 300w, https:\/\/lookfromsky.fr\/wp-content\/uploads\/2018\/08\/38405573_10215054650913004_2368333348851417088_n-1-768x768.jpg 768w, https:\/\/lookfromsky.fr\/wp-content\/uploads\/2018\/08\/38405573_10215054650913004_2368333348851417088_n-1-370x370.jpg 370w\" sizes=\"(max-width: 960px) 100vw, 960px\" \/><\/a><\/p>\n<div class=\"n2-has-copy n2-code n2-ss-slider-shortcode-id\" style=\"text-align: center;\">\n<div class=\"n2-has-copy n2-code n2-ss-slider-shortcode-id\">Comm\u00e9moration d\u00e9di\u00e9e au soldat Stephan W. JAWORSKI<\/div>\n<\/div>\n<p style=\"text-align: center;\">\n","protected":false},"excerpt":{"rendered":"<p>\u00a0Look From Sky \u00ab\u00a0le drone \u00e0 votre service\u00a0\u00bb Pr\u00e9sentation Look From Sky ***** Documentaire Fondation Saint Charles de Nancy \u00ab\u00a0Prises de vues a\u00e9riennes r\u00e9alis\u00e9es avec le drone DJI Phantom 4 PRO\u00a0\u00bb ***** Comm\u00e9moration d\u00e9di\u00e9e au[&#8230;]<\/p>\n","protected":false},"author":1,"featured_media":0,"parent":0,"menu_order":0,"comment_status":"closed","ping_status":"closed","template":"","meta":{"footnotes":""},"_links":{"self":[{"href":"https:\/\/lookfromsky.fr\/index.php\/wp-json\/wp\/v2\/pages\/105"}],"collection":[{"href":"https:\/\/lookfromsky.fr\/index.php\/wp-json\/wp\/v2\/pages"}],"about":[{"href":"https:\/\/lookfromsky.fr\/index.php\/wp-json\/wp\/v2\/types\/page"}],"author":[{"embeddable":true,"href":"https:\/\/lookfromsky.fr\/index.php\/wp-json\/wp\/v2\/users\/1"}],"replies":[{"embeddable":true,"href":"https:\/\/lookfromsky.fr\/index.php\/wp-json\/wp\/v2\/comments?post=105"}],"version-history":[{"count":33,"href":"https:\/\/lookfromsky.fr\/index.php\/wp-json\/wp\/v2\/pages\/105\/revisions"}],"predecessor-version":[{"id":618,"href":"https:\/\/lookfromsky.fr\/index.php\/wp-json\/wp\/v2\/pages\/105\/revisions\/618"}],"wp:attachment":[{"href":"https:\/\/lookfromsky.fr\/index.php\/wp-json\/wp\/v2\/media?parent=105"}],"curies":[{"name":"wp","href":"https:\/\/api.w.org\/{rel}","templated":true}]}}